{"id":126,"date":"2021-07-08T13:32:16","date_gmt":"2021-07-08T11:32:16","guid":{"rendered":"https:\/\/www.logport.cz\/?page_id=126"},"modified":"2026-03-11T08:19:46","modified_gmt":"2026-03-11T07:19:46","slug":"about-us","status":"publish","type":"page","link":"https:\/\/www.logport.cz\/en\/about-us\/","title":{"rendered":"About us"},"content":{"rendered":"<h2>Logport\u2019s mission is to develop key urban infrastructure<\/h2>\n<p><strong>In selected locations, we revitalise brownfield sites and transform them into modern urban districts that support logistics, manufacturing, services, and sustainable mobility.<\/strong><\/p>\n<p><strong>Our projects are developed within commercial zones<\/strong><b>, <\/b>where we integrate warehouse and production facilities with office and retail operations for wholesale and service activities. We ensure that each building fulfils its function while being sensitively embedded within the surrounding urban infrastructure.<\/p>\n<p><strong>We design our buildings in line with the highest environmental standards,<\/strong> incorporating rainwater management, solar technologies, green fa\u00e7ades for climate regulation, and charging infrastructure to support electromobility. However, our focus goes beyond the technical performance of individual buildings to creating a long-term, functional, and resilient concept for the entire area.<\/p>\n<p><strong>Our goal is to transform neglected sites into modern urban districts<\/strong> that connect work, logistics, and everyday life, and are seamlessly linked to cycling networks and public transport.<\/p>\n<p>&nbsp;<\/p>\n","protected":false},"excerpt":{"rendered":"<p>Logport\u2019s mission is to develop key urban infrastructure In selected locations, we revitalise brownfield sites and transform them into modern urban districts that support logistics, manufacturing, services, and sustainable mobility. Our projects are developed within commercial zones, where we integrate warehouse and production facilities with office and retail operations for wholesale and service activities. We [&hellip;]<\/p>\n","protected":false},"author":1,"featured_media":1186,"parent":0,"menu_order":0,"comment_status":"closed","ping_status":"closed","template":"about-page.php","meta":{"inline_featured_image":false,"_monsterinsights_skip_tracking":false,"_monsterinsights_sitenote_active":false,"_monsterinsights_sitenote_note":"","_monsterinsights_sitenote_category":0,"_uf_show_specific_survey":0,"_uf_disable_surveys":false,"footnotes":""},"class_list":["post-126","page","type-page","status-publish","has-post-thumbnail","hentry"],"acf":[],"aioseo_notices":[],"yoast_head":"<!-- This site is optimized with the Yoast SEO plugin v27.5 - https:\/\/yoast.com\/product\/yoast-seo-wordpress\/ -->\n<title>About us - Logport<\/title>\n<meta name=\"robots\" content=\"index, follow, max-snippet:-1, max-image-preview:large, max-video-preview:-1\" \/>\n<link rel=\"canonical\" href=\"https:\/\/www.logport.cz\/en\/about-us\/\" \/>\n<meta property=\"og:locale\" content=\"en_US\" \/>\n<meta property=\"og:type\" content=\"article\" \/>\n<meta property=\"og:title\" content=\"About us - Logport\" \/>\n<meta property=\"og:description\" content=\"Logport\u2019s mission is to develop key urban infrastructure In selected locations, we revitalise brownfield sites and transform them into modern urban districts that support logistics, manufacturing, services, and sustainable mobility. Our projects are developed within commercial zones, where we integrate warehouse and production facilities with office and retail operations for wholesale and service activities. We [&hellip;]\" \/>\n<meta property=\"og:url\" content=\"https:\/\/www.logport.cz\/en\/about-us\/\" \/>\n<meta property=\"og:site_name\" content=\"Logport\" \/>\n<meta property=\"article:modified_time\" content=\"2026-03-11T07:19:46+00:00\" \/>\n<meta property=\"og:image\" content=\"https:\/\/www.logport.cz\/wp-content\/uploads\/2025\/01\/011_GR6A3583-1-scaled.jpeg\" \/>\n\t<meta property=\"og:image:width\" content=\"2560\" \/>\n\t<meta property=\"og:image:height\" content=\"1396\" \/>\n\t<meta property=\"og:image:type\" content=\"image\/jpeg\" \/>\n<meta name=\"twitter:card\" content=\"summary_large_image\" \/>\n<meta name=\"twitter:label1\" content=\"Est. reading time\" \/>\n\t<meta name=\"twitter:data1\" content=\"1 minute\" \/>\n<script type=\"application\/ld+json\" class=\"yoast-schema-graph\">{\"@context\":\"https:\\\/\\\/schema.org\",\"@graph\":[{\"@type\":\"WebPage\",\"@id\":\"https:\\\/\\\/www.logport.cz\\\/en\\\/about-us\\\/\",\"url\":\"https:\\\/\\\/www.logport.cz\\\/en\\\/about-us\\\/\",\"name\":\"About us - Logport\",\"isPartOf\":{\"@id\":\"https:\\\/\\\/www.logport.cz\\\/#website\"},\"primaryImageOfPage\":{\"@id\":\"https:\\\/\\\/www.logport.cz\\\/en\\\/about-us\\\/#primaryimage\"},\"image\":{\"@id\":\"https:\\\/\\\/www.logport.cz\\\/en\\\/about-us\\\/#primaryimage\"},\"thumbnailUrl\":\"https:\\\/\\\/www.logport.cz\\\/wp-content\\\/uploads\\\/2025\\\/01\\\/011_GR6A3583-1-scaled.jpeg\",\"datePublished\":\"2021-07-08T11:32:16+00:00\",\"dateModified\":\"2026-03-11T07:19:46+00:00\",\"breadcrumb\":{\"@id\":\"https:\\\/\\\/www.logport.cz\\\/en\\\/about-us\\\/#breadcrumb\"},\"inLanguage\":\"en-US\",\"potentialAction\":[{\"@type\":\"ReadAction\",\"target\":[\"https:\\\/\\\/www.logport.cz\\\/en\\\/about-us\\\/\"]}]},{\"@type\":\"ImageObject\",\"inLanguage\":\"en-US\",\"@id\":\"https:\\\/\\\/www.logport.cz\\\/en\\\/about-us\\\/#primaryimage\",\"url\":\"https:\\\/\\\/www.logport.cz\\\/wp-content\\\/uploads\\\/2025\\\/01\\\/011_GR6A3583-1-scaled.jpeg\",\"contentUrl\":\"https:\\\/\\\/www.logport.cz\\\/wp-content\\\/uploads\\\/2025\\\/01\\\/011_GR6A3583-1-scaled.jpeg\",\"width\":2560,\"height\":1396},{\"@type\":\"BreadcrumbList\",\"@id\":\"https:\\\/\\\/www.logport.cz\\\/en\\\/about-us\\\/#breadcrumb\",\"itemListElement\":[{\"@type\":\"ListItem\",\"position\":1,\"name\":\"Dom\u016f\",\"item\":\"https:\\\/\\\/www.logport.cz\\\/en\\\/\"},{\"@type\":\"ListItem\",\"position\":2,\"name\":\"About us\"}]},{\"@type\":\"WebSite\",\"@id\":\"https:\\\/\\\/www.logport.cz\\\/#website\",\"url\":\"https:\\\/\\\/www.logport.cz\\\/\",\"name\":\"Logport\",\"description\":\"Posl\u00e1n\u00edm spole\u010dnosti Logport je rozv\u00edjet kl\u00ed\u010dovou m\u011bstskou infrastrukturu.\",\"publisher\":{\"@id\":\"https:\\\/\\\/www.logport.cz\\\/#organization\"},\"potentialAction\":[{\"@type\":\"SearchAction\",\"target\":{\"@type\":\"EntryPoint\",\"urlTemplate\":\"https:\\\/\\\/www.logport.cz\\\/?s={search_term_string}\"},\"query-input\":{\"@type\":\"PropertyValueSpecification\",\"valueRequired\":true,\"valueName\":\"search_term_string\"}}],\"inLanguage\":\"en-US\"},{\"@type\":\"Organization\",\"@id\":\"https:\\\/\\\/www.logport.cz\\\/#organization\",\"name\":\"Logport Development s.r.o.\",\"url\":\"https:\\\/\\\/www.logport.cz\\\/\",\"logo\":{\"@type\":\"ImageObject\",\"inLanguage\":\"en-US\",\"@id\":\"https:\\\/\\\/www.logport.cz\\\/#\\\/schema\\\/logo\\\/image\\\/\",\"url\":\"https:\\\/\\\/www.logport.cz\\\/wp-content\\\/uploads\\\/2021\\\/06\\\/logport.svg\",\"contentUrl\":\"https:\\\/\\\/www.logport.cz\\\/wp-content\\\/uploads\\\/2021\\\/06\\\/logport.svg\",\"width\":200,\"height\":30,\"caption\":\"Logport Development s.r.o.\"},\"image\":{\"@id\":\"https:\\\/\\\/www.logport.cz\\\/#\\\/schema\\\/logo\\\/image\\\/\"},\"sameAs\":[\"https:\\\/\\\/www.linkedin.com\\\/company\\\/logportdevelopment\\\/\"]}]}<\/script>\n<!-- \/ Yoast SEO plugin. -->","yoast_head_json":{"title":"About us - Logport","robots":{"index":"index","follow":"follow","max-snippet":"max-snippet:-1","max-image-preview":"max-image-preview:large","max-video-preview":"max-video-preview:-1"},"canonical":"https:\/\/www.logport.cz\/en\/about-us\/","og_locale":"en_US","og_type":"article","og_title":"About us - Logport","og_description":"Logport\u2019s mission is to develop key urban infrastructure In selected locations, we revitalise brownfield sites and transform them into modern urban districts that support logistics, manufacturing, services, and sustainable mobility. Our projects are developed within commercial zones, where we integrate warehouse and production facilities with office and retail operations for wholesale and service activities. We [&hellip;]","og_url":"https:\/\/www.logport.cz\/en\/about-us\/","og_site_name":"Logport","article_modified_time":"2026-03-11T07:19:46+00:00","og_image":[{"width":2560,"height":1396,"url":"https:\/\/www.logport.cz\/wp-content\/uploads\/2025\/01\/011_GR6A3583-1-scaled.jpeg","type":"image\/jpeg"}],"twitter_card":"summary_large_image","twitter_misc":{"Est. reading time":"1 minute"},"schema":{"@context":"https:\/\/schema.org","@graph":[{"@type":"WebPage","@id":"https:\/\/www.logport.cz\/en\/about-us\/","url":"https:\/\/www.logport.cz\/en\/about-us\/","name":"About us - Logport","isPartOf":{"@id":"https:\/\/www.logport.cz\/#website"},"primaryImageOfPage":{"@id":"https:\/\/www.logport.cz\/en\/about-us\/#primaryimage"},"image":{"@id":"https:\/\/www.logport.cz\/en\/about-us\/#primaryimage"},"thumbnailUrl":"https:\/\/www.logport.cz\/wp-content\/uploads\/2025\/01\/011_GR6A3583-1-scaled.jpeg","datePublished":"2021-07-08T11:32:16+00:00","dateModified":"2026-03-11T07:19:46+00:00","breadcrumb":{"@id":"https:\/\/www.logport.cz\/en\/about-us\/#breadcrumb"},"inLanguage":"en-US","potentialAction":[{"@type":"ReadAction","target":["https:\/\/www.logport.cz\/en\/about-us\/"]}]},{"@type":"ImageObject","inLanguage":"en-US","@id":"https:\/\/www.logport.cz\/en\/about-us\/#primaryimage","url":"https:\/\/www.logport.cz\/wp-content\/uploads\/2025\/01\/011_GR6A3583-1-scaled.jpeg","contentUrl":"https:\/\/www.logport.cz\/wp-content\/uploads\/2025\/01\/011_GR6A3583-1-scaled.jpeg","width":2560,"height":1396},{"@type":"BreadcrumbList","@id":"https:\/\/www.logport.cz\/en\/about-us\/#breadcrumb","itemListElement":[{"@type":"ListItem","position":1,"name":"Dom\u016f","item":"https:\/\/www.logport.cz\/en\/"},{"@type":"ListItem","position":2,"name":"About us"}]},{"@type":"WebSite","@id":"https:\/\/www.logport.cz\/#website","url":"https:\/\/www.logport.cz\/","name":"Logport","description":"Posl\u00e1n\u00edm spole\u010dnosti Logport je rozv\u00edjet kl\u00ed\u010dovou m\u011bstskou infrastrukturu.","publisher":{"@id":"https:\/\/www.logport.cz\/#organization"},"potentialAction":[{"@type":"SearchAction","target":{"@type":"EntryPoint","urlTemplate":"https:\/\/www.logport.cz\/?s={search_term_string}"},"query-input":{"@type":"PropertyValueSpecification","valueRequired":true,"valueName":"search_term_string"}}],"inLanguage":"en-US"},{"@type":"Organization","@id":"https:\/\/www.logport.cz\/#organization","name":"Logport Development s.r.o.","url":"https:\/\/www.logport.cz\/","logo":{"@type":"ImageObject","inLanguage":"en-US","@id":"https:\/\/www.logport.cz\/#\/schema\/logo\/image\/","url":"https:\/\/www.logport.cz\/wp-content\/uploads\/2021\/06\/logport.svg","contentUrl":"https:\/\/www.logport.cz\/wp-content\/uploads\/2021\/06\/logport.svg","width":200,"height":30,"caption":"Logport Development s.r.o."},"image":{"@id":"https:\/\/www.logport.cz\/#\/schema\/logo\/image\/"},"sameAs":["https:\/\/www.linkedin.com\/company\/logportdevelopment\/"]}]}},"_links":{"self":[{"href":"https:\/\/www.logport.cz\/en\/wp-json\/wp\/v2\/pages\/126","targetHints":{"allow":["GET"]}}],"collection":[{"href":"https:\/\/www.logport.cz\/en\/wp-json\/wp\/v2\/pages"}],"about":[{"href":"https:\/\/www.logport.cz\/en\/wp-json\/wp\/v2\/types\/page"}],"author":[{"embeddable":true,"href":"https:\/\/www.logport.cz\/en\/wp-json\/wp\/v2\/users\/1"}],"replies":[{"embeddable":true,"href":"https:\/\/www.logport.cz\/en\/wp-json\/wp\/v2\/comments?post=126"}],"version-history":[{"count":14,"href":"https:\/\/www.logport.cz\/en\/wp-json\/wp\/v2\/pages\/126\/revisions"}],"predecessor-version":[{"id":1387,"href":"https:\/\/www.logport.cz\/en\/wp-json\/wp\/v2\/pages\/126\/revisions\/1387"}],"wp:featuredmedia":[{"embeddable":true,"href":"https:\/\/www.logport.cz\/en\/wp-json\/wp\/v2\/media\/1186"}],"wp:attachment":[{"href":"https:\/\/www.logport.cz\/en\/wp-json\/wp\/v2\/media?parent=126"}],"curies":[{"name":"wp","href":"https:\/\/api.w.org\/{rel}","templated":true}]}}