{"id":130,"date":"2021-07-08T13:33:12","date_gmt":"2021-07-08T11:33:12","guid":{"rendered":"https:\/\/www.logport.cz\/?page_id=130"},"modified":"2025-11-05T15:32:44","modified_gmt":"2025-11-05T14:32:44","slug":"explore-logport","status":"publish","type":"page","link":"https:\/\/www.logport.cz\/en\/explore-logport\/","title":{"rendered":"EXPLORE LOGPORT"},"content":{"rendered":"<h2>Our goal is not just to be a developer and builder of commercial zones. We also want to become a good neighbour and partner for municipalities, inhabitants, and users of our parks.<\/h2>\n<p>With each project, we want to improve both the local urban infrastructure and the quality of life for everyone around it.<\/p>\n","protected":false},"excerpt":{"rendered":"<p>Our goal is not just to be a developer and builder of commercial zones. We also want to become a good neighbour and partner for municipalities, inhabitants, and users of our parks. With each project, we want to improve both the local urban infrastructure and the quality of life for everyone around it.<\/p>\n","protected":false},"author":1,"featured_media":1190,"parent":0,"menu_order":0,"comment_status":"closed","ping_status":"closed","template":"poznejlogport-page.php","meta":{"inline_featured_image":false,"_monsterinsights_skip_tracking":false,"_monsterinsights_sitenote_active":false,"_monsterinsights_sitenote_note":"","_monsterinsights_sitenote_category":0,"_uf_show_specific_survey":0,"_uf_disable_surveys":false,"footnotes":""},"class_list":["post-130","page","type-page","status-publish","has-post-thumbnail","hentry"],"acf":[],"aioseo_notices":[],"yoast_head":"<!-- This site is optimized with the Yoast SEO plugin v27.5 - https:\/\/yoast.com\/product\/yoast-seo-wordpress\/ -->\n<title>EXPLORE LOGPORT - Logport<\/title>\n<meta name=\"robots\" content=\"index, follow, max-snippet:-1, max-image-preview:large, max-video-preview:-1\" \/>\n<link rel=\"canonical\" href=\"https:\/\/www.logport.cz\/en\/explore-logport\/\" \/>\n<meta property=\"og:locale\" content=\"en_US\" \/>\n<meta property=\"og:type\" content=\"article\" \/>\n<meta property=\"og:title\" content=\"EXPLORE LOGPORT - Logport\" \/>\n<meta property=\"og:description\" content=\"Our goal is not just to be a developer and builder of commercial zones. We also want to become a good neighbour and partner for municipalities, inhabitants, and users of our parks. With each project, we want to improve both the local urban infrastructure and the quality of life for everyone around it.\" \/>\n<meta property=\"og:url\" content=\"https:\/\/www.logport.cz\/en\/explore-logport\/\" \/>\n<meta property=\"og:site_name\" content=\"Logport\" \/>\n<meta property=\"article:modified_time\" content=\"2025-11-05T14:32:44+00:00\" \/>\n<meta property=\"og:image\" content=\"https:\/\/www.logport.cz\/wp-content\/uploads\/2025\/01\/Logport-01-scaled.jpeg\" \/>\n\t<meta property=\"og:image:width\" content=\"2560\" \/>\n\t<meta property=\"og:image:height\" content=\"1259\" \/>\n\t<meta property=\"og:image:type\" content=\"image\/jpeg\" \/>\n<meta name=\"twitter:card\" content=\"summary_large_image\" \/>\n<script type=\"application\/ld+json\" class=\"yoast-schema-graph\">{\"@context\":\"https:\\\/\\\/schema.org\",\"@graph\":[{\"@type\":\"WebPage\",\"@id\":\"https:\\\/\\\/www.logport.cz\\\/en\\\/explore-logport\\\/\",\"url\":\"https:\\\/\\\/www.logport.cz\\\/en\\\/explore-logport\\\/\",\"name\":\"EXPLORE LOGPORT - Logport\",\"isPartOf\":{\"@id\":\"https:\\\/\\\/www.logport.cz\\\/#website\"},\"primaryImageOfPage\":{\"@id\":\"https:\\\/\\\/www.logport.cz\\\/en\\\/explore-logport\\\/#primaryimage\"},\"image\":{\"@id\":\"https:\\\/\\\/www.logport.cz\\\/en\\\/explore-logport\\\/#primaryimage\"},\"thumbnailUrl\":\"https:\\\/\\\/www.logport.cz\\\/wp-content\\\/uploads\\\/2025\\\/01\\\/Logport-01-scaled.jpeg\",\"datePublished\":\"2021-07-08T11:33:12+00:00\",\"dateModified\":\"2025-11-05T14:32:44+00:00\",\"breadcrumb\":{\"@id\":\"https:\\\/\\\/www.logport.cz\\\/en\\\/explore-logport\\\/#breadcrumb\"},\"inLanguage\":\"en-US\",\"potentialAction\":[{\"@type\":\"ReadAction\",\"target\":[\"https:\\\/\\\/www.logport.cz\\\/en\\\/explore-logport\\\/\"]}]},{\"@type\":\"ImageObject\",\"inLanguage\":\"en-US\",\"@id\":\"https:\\\/\\\/www.logport.cz\\\/en\\\/explore-logport\\\/#primaryimage\",\"url\":\"https:\\\/\\\/www.logport.cz\\\/wp-content\\\/uploads\\\/2025\\\/01\\\/Logport-01-scaled.jpeg\",\"contentUrl\":\"https:\\\/\\\/www.logport.cz\\\/wp-content\\\/uploads\\\/2025\\\/01\\\/Logport-01-scaled.jpeg\",\"width\":2560,\"height\":1259},{\"@type\":\"BreadcrumbList\",\"@id\":\"https:\\\/\\\/www.logport.cz\\\/en\\\/explore-logport\\\/#breadcrumb\",\"itemListElement\":[{\"@type\":\"ListItem\",\"position\":1,\"name\":\"Dom\u016f\",\"item\":\"https:\\\/\\\/www.logport.cz\\\/en\\\/\"},{\"@type\":\"ListItem\",\"position\":2,\"name\":\"EXPLORE LOGPORT\"}]},{\"@type\":\"WebSite\",\"@id\":\"https:\\\/\\\/www.logport.cz\\\/#website\",\"url\":\"https:\\\/\\\/www.logport.cz\\\/\",\"name\":\"Logport\",\"description\":\"Posl\u00e1n\u00edm spole\u010dnosti Logport je rozv\u00edjet kl\u00ed\u010dovou m\u011bstskou infrastrukturu.\",\"publisher\":{\"@id\":\"https:\\\/\\\/www.logport.cz\\\/#organization\"},\"potentialAction\":[{\"@type\":\"SearchAction\",\"target\":{\"@type\":\"EntryPoint\",\"urlTemplate\":\"https:\\\/\\\/www.logport.cz\\\/?s={search_term_string}\"},\"query-input\":{\"@type\":\"PropertyValueSpecification\",\"valueRequired\":true,\"valueName\":\"search_term_string\"}}],\"inLanguage\":\"en-US\"},{\"@type\":\"Organization\",\"@id\":\"https:\\\/\\\/www.logport.cz\\\/#organization\",\"name\":\"Logport Development s.r.o.\",\"url\":\"https:\\\/\\\/www.logport.cz\\\/\",\"logo\":{\"@type\":\"ImageObject\",\"inLanguage\":\"en-US\",\"@id\":\"https:\\\/\\\/www.logport.cz\\\/#\\\/schema\\\/logo\\\/image\\\/\",\"url\":\"https:\\\/\\\/www.logport.cz\\\/wp-content\\\/uploads\\\/2021\\\/06\\\/logport.svg\",\"contentUrl\":\"https:\\\/\\\/www.logport.cz\\\/wp-content\\\/uploads\\\/2021\\\/06\\\/logport.svg\",\"width\":200,\"height\":30,\"caption\":\"Logport Development s.r.o.\"},\"image\":{\"@id\":\"https:\\\/\\\/www.logport.cz\\\/#\\\/schema\\\/logo\\\/image\\\/\"},\"sameAs\":[\"https:\\\/\\\/www.linkedin.com\\\/company\\\/logportdevelopment\\\/\"]}]}<\/script>\n<!-- \/ Yoast SEO plugin. -->","yoast_head_json":{"title":"EXPLORE LOGPORT - Logport","robots":{"index":"index","follow":"follow","max-snippet":"max-snippet:-1","max-image-preview":"max-image-preview:large","max-video-preview":"max-video-preview:-1"},"canonical":"https:\/\/www.logport.cz\/en\/explore-logport\/","og_locale":"en_US","og_type":"article","og_title":"EXPLORE LOGPORT - Logport","og_description":"Our goal is not just to be a developer and builder of commercial zones. We also want to become a good neighbour and partner for municipalities, inhabitants, and users of our parks. With each project, we want to improve both the local urban infrastructure and the quality of life for everyone around it.","og_url":"https:\/\/www.logport.cz\/en\/explore-logport\/","og_site_name":"Logport","article_modified_time":"2025-11-05T14:32:44+00:00","og_image":[{"width":2560,"height":1259,"url":"https:\/\/www.logport.cz\/wp-content\/uploads\/2025\/01\/Logport-01-scaled.jpeg","type":"image\/jpeg"}],"twitter_card":"summary_large_image","schema":{"@context":"https:\/\/schema.org","@graph":[{"@type":"WebPage","@id":"https:\/\/www.logport.cz\/en\/explore-logport\/","url":"https:\/\/www.logport.cz\/en\/explore-logport\/","name":"EXPLORE LOGPORT - Logport","isPartOf":{"@id":"https:\/\/www.logport.cz\/#website"},"primaryImageOfPage":{"@id":"https:\/\/www.logport.cz\/en\/explore-logport\/#primaryimage"},"image":{"@id":"https:\/\/www.logport.cz\/en\/explore-logport\/#primaryimage"},"thumbnailUrl":"https:\/\/www.logport.cz\/wp-content\/uploads\/2025\/01\/Logport-01-scaled.jpeg","datePublished":"2021-07-08T11:33:12+00:00","dateModified":"2025-11-05T14:32:44+00:00","breadcrumb":{"@id":"https:\/\/www.logport.cz\/en\/explore-logport\/#breadcrumb"},"inLanguage":"en-US","potentialAction":[{"@type":"ReadAction","target":["https:\/\/www.logport.cz\/en\/explore-logport\/"]}]},{"@type":"ImageObject","inLanguage":"en-US","@id":"https:\/\/www.logport.cz\/en\/explore-logport\/#primaryimage","url":"https:\/\/www.logport.cz\/wp-content\/uploads\/2025\/01\/Logport-01-scaled.jpeg","contentUrl":"https:\/\/www.logport.cz\/wp-content\/uploads\/2025\/01\/Logport-01-scaled.jpeg","width":2560,"height":1259},{"@type":"BreadcrumbList","@id":"https:\/\/www.logport.cz\/en\/explore-logport\/#breadcrumb","itemListElement":[{"@type":"ListItem","position":1,"name":"Dom\u016f","item":"https:\/\/www.logport.cz\/en\/"},{"@type":"ListItem","position":2,"name":"EXPLORE LOGPORT"}]},{"@type":"WebSite","@id":"https:\/\/www.logport.cz\/#website","url":"https:\/\/www.logport.cz\/","name":"Logport","description":"Posl\u00e1n\u00edm spole\u010dnosti Logport je rozv\u00edjet kl\u00ed\u010dovou m\u011bstskou infrastrukturu.","publisher":{"@id":"https:\/\/www.logport.cz\/#organization"},"potentialAction":[{"@type":"SearchAction","target":{"@type":"EntryPoint","urlTemplate":"https:\/\/www.logport.cz\/?s={search_term_string}"},"query-input":{"@type":"PropertyValueSpecification","valueRequired":true,"valueName":"search_term_string"}}],"inLanguage":"en-US"},{"@type":"Organization","@id":"https:\/\/www.logport.cz\/#organization","name":"Logport Development s.r.o.","url":"https:\/\/www.logport.cz\/","logo":{"@type":"ImageObject","inLanguage":"en-US","@id":"https:\/\/www.logport.cz\/#\/schema\/logo\/image\/","url":"https:\/\/www.logport.cz\/wp-content\/uploads\/2021\/06\/logport.svg","contentUrl":"https:\/\/www.logport.cz\/wp-content\/uploads\/2021\/06\/logport.svg","width":200,"height":30,"caption":"Logport Development s.r.o."},"image":{"@id":"https:\/\/www.logport.cz\/#\/schema\/logo\/image\/"},"sameAs":["https:\/\/www.linkedin.com\/company\/logportdevelopment\/"]}]}},"_links":{"self":[{"href":"https:\/\/www.logport.cz\/en\/wp-json\/wp\/v2\/pages\/130","targetHints":{"allow":["GET"]}}],"collection":[{"href":"https:\/\/www.logport.cz\/en\/wp-json\/wp\/v2\/pages"}],"about":[{"href":"https:\/\/www.logport.cz\/en\/wp-json\/wp\/v2\/types\/page"}],"author":[{"embeddable":true,"href":"https:\/\/www.logport.cz\/en\/wp-json\/wp\/v2\/users\/1"}],"replies":[{"embeddable":true,"href":"https:\/\/www.logport.cz\/en\/wp-json\/wp\/v2\/comments?post=130"}],"version-history":[{"count":20,"href":"https:\/\/www.logport.cz\/en\/wp-json\/wp\/v2\/pages\/130\/revisions"}],"predecessor-version":[{"id":1295,"href":"https:\/\/www.logport.cz\/en\/wp-json\/wp\/v2\/pages\/130\/revisions\/1295"}],"wp:featuredmedia":[{"embeddable":true,"href":"https:\/\/www.logport.cz\/en\/wp-json\/wp\/v2\/media\/1190"}],"wp:attachment":[{"href":"https:\/\/www.logport.cz\/en\/wp-json\/wp\/v2\/media?parent=130"}],"curies":[{"name":"wp","href":"https:\/\/api.w.org\/{rel}","templated":true}]}}