{"id":849,"date":"2023-10-12T14:48:49","date_gmt":"2023-10-12T12:48:49","guid":{"rendered":"https:\/\/www.logport.cz\/pomahame\/"},"modified":"2026-03-24T11:48:17","modified_gmt":"2026-03-24T10:48:17","slug":"our-support","status":"publish","type":"page","link":"https:\/\/www.logport.cz\/en\/our-support\/","title":{"rendered":"We support"},"content":{"rendered":"<h2>At Logport, we work not just for ourselves, but to support projects with real impact.<\/h2>\n<p>Supporting nonprofit initiatives is one of our core values. Our team is made up of motivated individuals with high professional and athletic ambitions. That\u2019s why we naturally became involved in active sports sponsorship \u2014 from amateurs to professionals.<\/p>\n","protected":false},"excerpt":{"rendered":"<p>At Logport, we work not just for ourselves, but to support projects with real impact. Supporting nonprofit initiatives is one of our core values. Our team is made up of motivated individuals with high professional and athletic ambitions. That\u2019s why we naturally became involved in active sports sponsorship \u2014 from amateurs to professionals.<\/p>\n","protected":false},"author":1,"featured_media":1314,"parent":0,"menu_order":0,"comment_status":"closed","ping_status":"closed","template":"page-pomahame.php","meta":{"inline_featured_image":false,"_monsterinsights_skip_tracking":false,"_monsterinsights_sitenote_active":false,"_monsterinsights_sitenote_note":"","_monsterinsights_sitenote_category":0,"_uf_show_specific_survey":0,"_uf_disable_surveys":false,"footnotes":""},"class_list":["post-849","page","type-page","status-publish","has-post-thumbnail","hentry"],"acf":[],"aioseo_notices":[],"yoast_head":"<!-- This site is optimized with the Yoast SEO plugin v27.4 - https:\/\/yoast.com\/product\/yoast-seo-wordpress\/ -->\n<title>We support - Logport<\/title>\n<meta name=\"robots\" content=\"index, follow, max-snippet:-1, max-image-preview:large, max-video-preview:-1\" \/>\n<link rel=\"canonical\" href=\"https:\/\/www.logport.cz\/en\/our-support\/\" \/>\n<meta property=\"og:locale\" content=\"en_US\" \/>\n<meta property=\"og:type\" content=\"article\" \/>\n<meta property=\"og:title\" content=\"We support - Logport\" \/>\n<meta property=\"og:description\" content=\"At Logport, we work not just for ourselves, but to support projects with real impact. Supporting nonprofit initiatives is one of our core values. Our team is made up of motivated individuals with high professional and athletic ambitions. That\u2019s why we naturally became involved in active sports sponsorship \u2014 from amateurs to professionals.\" \/>\n<meta property=\"og:url\" content=\"https:\/\/www.logport.cz\/en\/our-support\/\" \/>\n<meta property=\"og:site_name\" content=\"Logport\" \/>\n<meta property=\"article:modified_time\" content=\"2026-03-24T10:48:17+00:00\" \/>\n<meta property=\"og:image\" content=\"https:\/\/www.logport.cz\/wp-content\/uploads\/2025\/12\/e44e8885-0f9f-46ad-bd5a-532e8a616854-copy.jpg\" \/>\n\t<meta property=\"og:image:width\" content=\"1594\" \/>\n\t<meta property=\"og:image:height\" content=\"971\" \/>\n\t<meta property=\"og:image:type\" content=\"image\/jpeg\" \/>\n<meta name=\"twitter:card\" content=\"summary_large_image\" \/>\n<script type=\"application\/ld+json\" class=\"yoast-schema-graph\">{\"@context\":\"https:\\\/\\\/schema.org\",\"@graph\":[{\"@type\":\"WebPage\",\"@id\":\"https:\\\/\\\/www.logport.cz\\\/en\\\/our-support\\\/\",\"url\":\"https:\\\/\\\/www.logport.cz\\\/en\\\/our-support\\\/\",\"name\":\"We support - Logport\",\"isPartOf\":{\"@id\":\"https:\\\/\\\/www.logport.cz\\\/#website\"},\"primaryImageOfPage\":{\"@id\":\"https:\\\/\\\/www.logport.cz\\\/en\\\/our-support\\\/#primaryimage\"},\"image\":{\"@id\":\"https:\\\/\\\/www.logport.cz\\\/en\\\/our-support\\\/#primaryimage\"},\"thumbnailUrl\":\"https:\\\/\\\/www.logport.cz\\\/wp-content\\\/uploads\\\/2025\\\/12\\\/e44e8885-0f9f-46ad-bd5a-532e8a616854-copy.jpg\",\"datePublished\":\"2023-10-12T12:48:49+00:00\",\"dateModified\":\"2026-03-24T10:48:17+00:00\",\"breadcrumb\":{\"@id\":\"https:\\\/\\\/www.logport.cz\\\/en\\\/our-support\\\/#breadcrumb\"},\"inLanguage\":\"en-US\",\"potentialAction\":[{\"@type\":\"ReadAction\",\"target\":[\"https:\\\/\\\/www.logport.cz\\\/en\\\/our-support\\\/\"]}]},{\"@type\":\"ImageObject\",\"inLanguage\":\"en-US\",\"@id\":\"https:\\\/\\\/www.logport.cz\\\/en\\\/our-support\\\/#primaryimage\",\"url\":\"https:\\\/\\\/www.logport.cz\\\/wp-content\\\/uploads\\\/2025\\\/12\\\/e44e8885-0f9f-46ad-bd5a-532e8a616854-copy.jpg\",\"contentUrl\":\"https:\\\/\\\/www.logport.cz\\\/wp-content\\\/uploads\\\/2025\\\/12\\\/e44e8885-0f9f-46ad-bd5a-532e8a616854-copy.jpg\",\"width\":1594,\"height\":971},{\"@type\":\"BreadcrumbList\",\"@id\":\"https:\\\/\\\/www.logport.cz\\\/en\\\/our-support\\\/#breadcrumb\",\"itemListElement\":[{\"@type\":\"ListItem\",\"position\":1,\"name\":\"Dom\u016f\",\"item\":\"https:\\\/\\\/www.logport.cz\\\/en\\\/\"},{\"@type\":\"ListItem\",\"position\":2,\"name\":\"We support\"}]},{\"@type\":\"WebSite\",\"@id\":\"https:\\\/\\\/www.logport.cz\\\/#website\",\"url\":\"https:\\\/\\\/www.logport.cz\\\/\",\"name\":\"Logport\",\"description\":\"Posl\u00e1n\u00edm spole\u010dnosti Logport je rozv\u00edjet kl\u00ed\u010dovou m\u011bstskou infrastrukturu.\",\"publisher\":{\"@id\":\"https:\\\/\\\/www.logport.cz\\\/#organization\"},\"potentialAction\":[{\"@type\":\"SearchAction\",\"target\":{\"@type\":\"EntryPoint\",\"urlTemplate\":\"https:\\\/\\\/www.logport.cz\\\/?s={search_term_string}\"},\"query-input\":{\"@type\":\"PropertyValueSpecification\",\"valueRequired\":true,\"valueName\":\"search_term_string\"}}],\"inLanguage\":\"en-US\"},{\"@type\":\"Organization\",\"@id\":\"https:\\\/\\\/www.logport.cz\\\/#organization\",\"name\":\"Logport Development s.r.o.\",\"url\":\"https:\\\/\\\/www.logport.cz\\\/\",\"logo\":{\"@type\":\"ImageObject\",\"inLanguage\":\"en-US\",\"@id\":\"https:\\\/\\\/www.logport.cz\\\/#\\\/schema\\\/logo\\\/image\\\/\",\"url\":\"https:\\\/\\\/www.logport.cz\\\/wp-content\\\/uploads\\\/2021\\\/06\\\/logport.svg\",\"contentUrl\":\"https:\\\/\\\/www.logport.cz\\\/wp-content\\\/uploads\\\/2021\\\/06\\\/logport.svg\",\"width\":200,\"height\":30,\"caption\":\"Logport Development s.r.o.\"},\"image\":{\"@id\":\"https:\\\/\\\/www.logport.cz\\\/#\\\/schema\\\/logo\\\/image\\\/\"},\"sameAs\":[\"https:\\\/\\\/www.linkedin.com\\\/company\\\/logportdevelopment\\\/\"]}]}<\/script>\n<!-- \/ Yoast SEO plugin. -->","yoast_head_json":{"title":"We support - Logport","robots":{"index":"index","follow":"follow","max-snippet":"max-snippet:-1","max-image-preview":"max-image-preview:large","max-video-preview":"max-video-preview:-1"},"canonical":"https:\/\/www.logport.cz\/en\/our-support\/","og_locale":"en_US","og_type":"article","og_title":"We support - Logport","og_description":"At Logport, we work not just for ourselves, but to support projects with real impact. Supporting nonprofit initiatives is one of our core values. Our team is made up of motivated individuals with high professional and athletic ambitions. That\u2019s why we naturally became involved in active sports sponsorship \u2014 from amateurs to professionals.","og_url":"https:\/\/www.logport.cz\/en\/our-support\/","og_site_name":"Logport","article_modified_time":"2026-03-24T10:48:17+00:00","og_image":[{"width":1594,"height":971,"url":"https:\/\/www.logport.cz\/wp-content\/uploads\/2025\/12\/e44e8885-0f9f-46ad-bd5a-532e8a616854-copy.jpg","type":"image\/jpeg"}],"twitter_card":"summary_large_image","schema":{"@context":"https:\/\/schema.org","@graph":[{"@type":"WebPage","@id":"https:\/\/www.logport.cz\/en\/our-support\/","url":"https:\/\/www.logport.cz\/en\/our-support\/","name":"We support - Logport","isPartOf":{"@id":"https:\/\/www.logport.cz\/#website"},"primaryImageOfPage":{"@id":"https:\/\/www.logport.cz\/en\/our-support\/#primaryimage"},"image":{"@id":"https:\/\/www.logport.cz\/en\/our-support\/#primaryimage"},"thumbnailUrl":"https:\/\/www.logport.cz\/wp-content\/uploads\/2025\/12\/e44e8885-0f9f-46ad-bd5a-532e8a616854-copy.jpg","datePublished":"2023-10-12T12:48:49+00:00","dateModified":"2026-03-24T10:48:17+00:00","breadcrumb":{"@id":"https:\/\/www.logport.cz\/en\/our-support\/#breadcrumb"},"inLanguage":"en-US","potentialAction":[{"@type":"ReadAction","target":["https:\/\/www.logport.cz\/en\/our-support\/"]}]},{"@type":"ImageObject","inLanguage":"en-US","@id":"https:\/\/www.logport.cz\/en\/our-support\/#primaryimage","url":"https:\/\/www.logport.cz\/wp-content\/uploads\/2025\/12\/e44e8885-0f9f-46ad-bd5a-532e8a616854-copy.jpg","contentUrl":"https:\/\/www.logport.cz\/wp-content\/uploads\/2025\/12\/e44e8885-0f9f-46ad-bd5a-532e8a616854-copy.jpg","width":1594,"height":971},{"@type":"BreadcrumbList","@id":"https:\/\/www.logport.cz\/en\/our-support\/#breadcrumb","itemListElement":[{"@type":"ListItem","position":1,"name":"Dom\u016f","item":"https:\/\/www.logport.cz\/en\/"},{"@type":"ListItem","position":2,"name":"We support"}]},{"@type":"WebSite","@id":"https:\/\/www.logport.cz\/#website","url":"https:\/\/www.logport.cz\/","name":"Logport","description":"Posl\u00e1n\u00edm spole\u010dnosti Logport je rozv\u00edjet kl\u00ed\u010dovou m\u011bstskou infrastrukturu.","publisher":{"@id":"https:\/\/www.logport.cz\/#organization"},"potentialAction":[{"@type":"SearchAction","target":{"@type":"EntryPoint","urlTemplate":"https:\/\/www.logport.cz\/?s={search_term_string}"},"query-input":{"@type":"PropertyValueSpecification","valueRequired":true,"valueName":"search_term_string"}}],"inLanguage":"en-US"},{"@type":"Organization","@id":"https:\/\/www.logport.cz\/#organization","name":"Logport Development s.r.o.","url":"https:\/\/www.logport.cz\/","logo":{"@type":"ImageObject","inLanguage":"en-US","@id":"https:\/\/www.logport.cz\/#\/schema\/logo\/image\/","url":"https:\/\/www.logport.cz\/wp-content\/uploads\/2021\/06\/logport.svg","contentUrl":"https:\/\/www.logport.cz\/wp-content\/uploads\/2021\/06\/logport.svg","width":200,"height":30,"caption":"Logport Development s.r.o."},"image":{"@id":"https:\/\/www.logport.cz\/#\/schema\/logo\/image\/"},"sameAs":["https:\/\/www.linkedin.com\/company\/logportdevelopment\/"]}]}},"_links":{"self":[{"href":"https:\/\/www.logport.cz\/en\/wp-json\/wp\/v2\/pages\/849","targetHints":{"allow":["GET"]}}],"collection":[{"href":"https:\/\/www.logport.cz\/en\/wp-json\/wp\/v2\/pages"}],"about":[{"href":"https:\/\/www.logport.cz\/en\/wp-json\/wp\/v2\/types\/page"}],"author":[{"embeddable":true,"href":"https:\/\/www.logport.cz\/en\/wp-json\/wp\/v2\/users\/1"}],"replies":[{"embeddable":true,"href":"https:\/\/www.logport.cz\/en\/wp-json\/wp\/v2\/comments?post=849"}],"version-history":[{"count":15,"href":"https:\/\/www.logport.cz\/en\/wp-json\/wp\/v2\/pages\/849\/revisions"}],"predecessor-version":[{"id":1429,"href":"https:\/\/www.logport.cz\/en\/wp-json\/wp\/v2\/pages\/849\/revisions\/1429"}],"wp:featuredmedia":[{"embeddable":true,"href":"https:\/\/www.logport.cz\/en\/wp-json\/wp\/v2\/media\/1314"}],"wp:attachment":[{"href":"https:\/\/www.logport.cz\/en\/wp-json\/wp\/v2\/media?parent=849"}],"curies":[{"name":"wp","href":"https:\/\/api.w.org\/{rel}","templated":true}]}}