{"id":984,"date":"2024-12-11T15:02:56","date_gmt":"2024-12-11T14:02:56","guid":{"rendered":"https:\/\/www.logport.cz\/?page_id=984"},"modified":"2026-03-11T08:41:04","modified_gmt":"2026-03-11T07:41:04","slug":"our-products","status":"publish","type":"page","link":"https:\/\/www.logport.cz\/en\/our-products\/","title":{"rendered":"Our products"},"content":{"rendered":"<h2>Building Types<\/h2>\n<p>In our quest to redefine industrial and commercial spaces, we\u2019ve pioneered two unique building types: <strong>LogBox<\/strong> and <strong>LogSpace<\/strong>. Each serves different business needs, and together they provide all-in-one modern and multi-functional areas for conducting business.<\/p>\n","protected":false},"excerpt":{"rendered":"<p>Building Types In our quest to redefine industrial and commercial spaces, we\u2019ve pioneered two unique building types: LogBox and LogSpace. Each serves different business needs, and together they provide all-in-one modern and multi-functional areas for conducting business.<\/p>\n","protected":false},"author":6,"featured_media":1184,"parent":0,"menu_order":0,"comment_status":"closed","ping_status":"closed","template":"page-produkty.php","meta":{"inline_featured_image":false,"_monsterinsights_skip_tracking":false,"_monsterinsights_sitenote_active":false,"_monsterinsights_sitenote_note":"","_monsterinsights_sitenote_category":0,"_uf_show_specific_survey":0,"_uf_disable_surveys":false,"footnotes":""},"class_list":["post-984","page","type-page","status-publish","has-post-thumbnail","hentry"],"acf":[],"aioseo_notices":[],"yoast_head":"<!-- This site is optimized with the Yoast SEO plugin v27.5 - https:\/\/yoast.com\/product\/yoast-seo-wordpress\/ -->\n<title>Our products - Logport<\/title>\n<meta name=\"robots\" content=\"index, follow, max-snippet:-1, max-image-preview:large, max-video-preview:-1\" \/>\n<link rel=\"canonical\" href=\"https:\/\/www.logport.cz\/en\/our-products\/\" \/>\n<meta property=\"og:locale\" content=\"en_US\" \/>\n<meta property=\"og:type\" content=\"article\" \/>\n<meta property=\"og:title\" content=\"Our products - Logport\" \/>\n<meta property=\"og:description\" content=\"Building Types In our quest to redefine industrial and commercial spaces, we\u2019ve pioneered two unique building types: LogBox and LogSpace. Each serves different business needs, and together they provide all-in-one modern and multi-functional areas for conducting business.\" \/>\n<meta property=\"og:url\" content=\"https:\/\/www.logport.cz\/en\/our-products\/\" \/>\n<meta property=\"og:site_name\" content=\"Logport\" \/>\n<meta property=\"article:modified_time\" content=\"2026-03-11T07:41:04+00:00\" \/>\n<meta property=\"og:image\" content=\"https:\/\/www.logport.cz\/wp-content\/uploads\/2025\/01\/Nahledovy-obrazek-2-scaled.jpeg\" \/>\n\t<meta property=\"og:image:width\" content=\"2560\" \/>\n\t<meta property=\"og:image:height\" content=\"1346\" \/>\n\t<meta property=\"og:image:type\" content=\"image\/jpeg\" \/>\n<meta name=\"twitter:card\" content=\"summary_large_image\" \/>\n<script type=\"application\/ld+json\" class=\"yoast-schema-graph\">{\"@context\":\"https:\\\/\\\/schema.org\",\"@graph\":[{\"@type\":\"WebPage\",\"@id\":\"https:\\\/\\\/www.logport.cz\\\/en\\\/our-products\\\/\",\"url\":\"https:\\\/\\\/www.logport.cz\\\/en\\\/our-products\\\/\",\"name\":\"Our products - Logport\",\"isPartOf\":{\"@id\":\"https:\\\/\\\/www.logport.cz\\\/#website\"},\"primaryImageOfPage\":{\"@id\":\"https:\\\/\\\/www.logport.cz\\\/en\\\/our-products\\\/#primaryimage\"},\"image\":{\"@id\":\"https:\\\/\\\/www.logport.cz\\\/en\\\/our-products\\\/#primaryimage\"},\"thumbnailUrl\":\"https:\\\/\\\/www.logport.cz\\\/wp-content\\\/uploads\\\/2025\\\/01\\\/Nahledovy-obrazek-2-scaled.jpeg\",\"datePublished\":\"2024-12-11T14:02:56+00:00\",\"dateModified\":\"2026-03-11T07:41:04+00:00\",\"breadcrumb\":{\"@id\":\"https:\\\/\\\/www.logport.cz\\\/en\\\/our-products\\\/#breadcrumb\"},\"inLanguage\":\"en-US\",\"potentialAction\":[{\"@type\":\"ReadAction\",\"target\":[\"https:\\\/\\\/www.logport.cz\\\/en\\\/our-products\\\/\"]}]},{\"@type\":\"ImageObject\",\"inLanguage\":\"en-US\",\"@id\":\"https:\\\/\\\/www.logport.cz\\\/en\\\/our-products\\\/#primaryimage\",\"url\":\"https:\\\/\\\/www.logport.cz\\\/wp-content\\\/uploads\\\/2025\\\/01\\\/Nahledovy-obrazek-2-scaled.jpeg\",\"contentUrl\":\"https:\\\/\\\/www.logport.cz\\\/wp-content\\\/uploads\\\/2025\\\/01\\\/Nahledovy-obrazek-2-scaled.jpeg\",\"width\":2560,\"height\":1346},{\"@type\":\"BreadcrumbList\",\"@id\":\"https:\\\/\\\/www.logport.cz\\\/en\\\/our-products\\\/#breadcrumb\",\"itemListElement\":[{\"@type\":\"ListItem\",\"position\":1,\"name\":\"Dom\u016f\",\"item\":\"https:\\\/\\\/www.logport.cz\\\/en\\\/\"},{\"@type\":\"ListItem\",\"position\":2,\"name\":\"Our products\"}]},{\"@type\":\"WebSite\",\"@id\":\"https:\\\/\\\/www.logport.cz\\\/#website\",\"url\":\"https:\\\/\\\/www.logport.cz\\\/\",\"name\":\"Logport\",\"description\":\"Posl\u00e1n\u00edm spole\u010dnosti Logport je rozv\u00edjet kl\u00ed\u010dovou m\u011bstskou infrastrukturu.\",\"publisher\":{\"@id\":\"https:\\\/\\\/www.logport.cz\\\/#organization\"},\"potentialAction\":[{\"@type\":\"SearchAction\",\"target\":{\"@type\":\"EntryPoint\",\"urlTemplate\":\"https:\\\/\\\/www.logport.cz\\\/?s={search_term_string}\"},\"query-input\":{\"@type\":\"PropertyValueSpecification\",\"valueRequired\":true,\"valueName\":\"search_term_string\"}}],\"inLanguage\":\"en-US\"},{\"@type\":\"Organization\",\"@id\":\"https:\\\/\\\/www.logport.cz\\\/#organization\",\"name\":\"Logport Development s.r.o.\",\"url\":\"https:\\\/\\\/www.logport.cz\\\/\",\"logo\":{\"@type\":\"ImageObject\",\"inLanguage\":\"en-US\",\"@id\":\"https:\\\/\\\/www.logport.cz\\\/#\\\/schema\\\/logo\\\/image\\\/\",\"url\":\"https:\\\/\\\/www.logport.cz\\\/wp-content\\\/uploads\\\/2021\\\/06\\\/logport.svg\",\"contentUrl\":\"https:\\\/\\\/www.logport.cz\\\/wp-content\\\/uploads\\\/2021\\\/06\\\/logport.svg\",\"width\":200,\"height\":30,\"caption\":\"Logport Development s.r.o.\"},\"image\":{\"@id\":\"https:\\\/\\\/www.logport.cz\\\/#\\\/schema\\\/logo\\\/image\\\/\"},\"sameAs\":[\"https:\\\/\\\/www.linkedin.com\\\/company\\\/logportdevelopment\\\/\"]}]}<\/script>\n<!-- \/ Yoast SEO plugin. -->","yoast_head_json":{"title":"Our products - Logport","robots":{"index":"index","follow":"follow","max-snippet":"max-snippet:-1","max-image-preview":"max-image-preview:large","max-video-preview":"max-video-preview:-1"},"canonical":"https:\/\/www.logport.cz\/en\/our-products\/","og_locale":"en_US","og_type":"article","og_title":"Our products - Logport","og_description":"Building Types In our quest to redefine industrial and commercial spaces, we\u2019ve pioneered two unique building types: LogBox and LogSpace. Each serves different business needs, and together they provide all-in-one modern and multi-functional areas for conducting business.","og_url":"https:\/\/www.logport.cz\/en\/our-products\/","og_site_name":"Logport","article_modified_time":"2026-03-11T07:41:04+00:00","og_image":[{"width":2560,"height":1346,"url":"https:\/\/www.logport.cz\/wp-content\/uploads\/2025\/01\/Nahledovy-obrazek-2-scaled.jpeg","type":"image\/jpeg"}],"twitter_card":"summary_large_image","schema":{"@context":"https:\/\/schema.org","@graph":[{"@type":"WebPage","@id":"https:\/\/www.logport.cz\/en\/our-products\/","url":"https:\/\/www.logport.cz\/en\/our-products\/","name":"Our products - Logport","isPartOf":{"@id":"https:\/\/www.logport.cz\/#website"},"primaryImageOfPage":{"@id":"https:\/\/www.logport.cz\/en\/our-products\/#primaryimage"},"image":{"@id":"https:\/\/www.logport.cz\/en\/our-products\/#primaryimage"},"thumbnailUrl":"https:\/\/www.logport.cz\/wp-content\/uploads\/2025\/01\/Nahledovy-obrazek-2-scaled.jpeg","datePublished":"2024-12-11T14:02:56+00:00","dateModified":"2026-03-11T07:41:04+00:00","breadcrumb":{"@id":"https:\/\/www.logport.cz\/en\/our-products\/#breadcrumb"},"inLanguage":"en-US","potentialAction":[{"@type":"ReadAction","target":["https:\/\/www.logport.cz\/en\/our-products\/"]}]},{"@type":"ImageObject","inLanguage":"en-US","@id":"https:\/\/www.logport.cz\/en\/our-products\/#primaryimage","url":"https:\/\/www.logport.cz\/wp-content\/uploads\/2025\/01\/Nahledovy-obrazek-2-scaled.jpeg","contentUrl":"https:\/\/www.logport.cz\/wp-content\/uploads\/2025\/01\/Nahledovy-obrazek-2-scaled.jpeg","width":2560,"height":1346},{"@type":"BreadcrumbList","@id":"https:\/\/www.logport.cz\/en\/our-products\/#breadcrumb","itemListElement":[{"@type":"ListItem","position":1,"name":"Dom\u016f","item":"https:\/\/www.logport.cz\/en\/"},{"@type":"ListItem","position":2,"name":"Our products"}]},{"@type":"WebSite","@id":"https:\/\/www.logport.cz\/#website","url":"https:\/\/www.logport.cz\/","name":"Logport","description":"Posl\u00e1n\u00edm spole\u010dnosti Logport je rozv\u00edjet kl\u00ed\u010dovou m\u011bstskou infrastrukturu.","publisher":{"@id":"https:\/\/www.logport.cz\/#organization"},"potentialAction":[{"@type":"SearchAction","target":{"@type":"EntryPoint","urlTemplate":"https:\/\/www.logport.cz\/?s={search_term_string}"},"query-input":{"@type":"PropertyValueSpecification","valueRequired":true,"valueName":"search_term_string"}}],"inLanguage":"en-US"},{"@type":"Organization","@id":"https:\/\/www.logport.cz\/#organization","name":"Logport Development s.r.o.","url":"https:\/\/www.logport.cz\/","logo":{"@type":"ImageObject","inLanguage":"en-US","@id":"https:\/\/www.logport.cz\/#\/schema\/logo\/image\/","url":"https:\/\/www.logport.cz\/wp-content\/uploads\/2021\/06\/logport.svg","contentUrl":"https:\/\/www.logport.cz\/wp-content\/uploads\/2021\/06\/logport.svg","width":200,"height":30,"caption":"Logport Development s.r.o."},"image":{"@id":"https:\/\/www.logport.cz\/#\/schema\/logo\/image\/"},"sameAs":["https:\/\/www.linkedin.com\/company\/logportdevelopment\/"]}]}},"_links":{"self":[{"href":"https:\/\/www.logport.cz\/en\/wp-json\/wp\/v2\/pages\/984","targetHints":{"allow":["GET"]}}],"collection":[{"href":"https:\/\/www.logport.cz\/en\/wp-json\/wp\/v2\/pages"}],"about":[{"href":"https:\/\/www.logport.cz\/en\/wp-json\/wp\/v2\/types\/page"}],"author":[{"embeddable":true,"href":"https:\/\/www.logport.cz\/en\/wp-json\/wp\/v2\/users\/6"}],"replies":[{"embeddable":true,"href":"https:\/\/www.logport.cz\/en\/wp-json\/wp\/v2\/comments?post=984"}],"version-history":[{"count":16,"href":"https:\/\/www.logport.cz\/en\/wp-json\/wp\/v2\/pages\/984\/revisions"}],"predecessor-version":[{"id":1401,"href":"https:\/\/www.logport.cz\/en\/wp-json\/wp\/v2\/pages\/984\/revisions\/1401"}],"wp:featuredmedia":[{"embeddable":true,"href":"https:\/\/www.logport.cz\/en\/wp-json\/wp\/v2\/media\/1184"}],"wp:attachment":[{"href":"https:\/\/www.logport.cz\/en\/wp-json\/wp\/v2\/media?parent=984"}],"curies":[{"name":"wp","href":"https:\/\/api.w.org\/{rel}","templated":true}]}}